{"id":113,"date":"2016-10-23T11:04:46","date_gmt":"2016-10-23T11:04:46","guid":{"rendered":"https:\/\/www.wurftreff-lippstadt.de\/?page_id=113"},"modified":"2016-11-01T17:13:37","modified_gmt":"2016-11-01T17:13:37","slug":"unsere-karte","status":"publish","type":"page","link":"https:\/\/www.wurftreff-lippstadt.de\/?page_id=113","title":{"rendered":"AGBs"},"content":{"rendered":"<p style=\"text-align:justify\">Die Teilnahme an dem von mir angebotenen Wurftreff, den Kursen, Workshops, Guidings und Meetings erfolgt auf eigene Gefahr, eine Haftung unsererseits f\u00fcr Sach- und Personensch\u00e4den jeglicher Art ist ausgeschlossen.<\/p>\r\n\r\n<p style=\"text-align:justify\">Bei Teilnahme am Wurftreff, einem Kurs, Workshop oder Guiding ist die Geb\u00fchr sofort bar f\u00e4llig.<\/p>\r\n\r\n<p style=\"text-align:justify\">Besonderheiten zu abweichenden Regelungen bei speziell vereinbarten Kursen\/Workshops\/Guidings werden auf einem gesonderten Buchungsformular festgelegt.<\/p>\r\n\r\n<p style=\"text-align:justify\">Besch\u00e4digt ein Teilnehmer das ihm zur Verf\u00fcgung gestellte Ger\u00e4t bzw. die Ausr\u00fcstung, so verpflichtet er sich bereits jetzt, die anfallenden Kosten f\u00fcr die Beschaffung eines gleichwertigen Ersatzger\u00e4tes zu \u00fcbernehmen.<\/p>\r\n\r\n<p style=\"text-align:justify\">Durch die Teilnahme am Wurftreff oder einem Meeting bzw. bei Vereinbarung eines speziellen Kurses\/Workshops\/Guidings erkennt der Teilnehmer diese allgemeinen Gesch\u00e4ftsbedingungen an und l\u00e4sst diese gegen sich gelten. Die Anwendung deutschen Rechts gilt ausdr\u00fccklich als vereinbart, als Gerichtsstand f\u00fcr alle Streitigkeiten ist f\u00fcr beide Seiten Lippstadt festgelegt.<\/p>","protected":false},"excerpt":{"rendered":"<p>Die Teilnahme an dem von mir angebotenen Wurftreff, den Kursen, Workshops, Guidings und Meetings erfolgt auf eigene Gefahr, eine Haftung unsererseits f\u00fcr Sach- und Personensch\u00e4den jeglicher Art ist ausgeschlossen. Bei Teilnahme am Wurftreff, einem Kurs, Workshop oder Guiding ist die Geb\u00fchr sofort bar f\u00e4llig. Besonderheiten zu abweichenden Regelungen bei speziell vereinbarten Kursen\/Workshops\/Guidings werden auf einem [&hellip;]<\/p>\n","protected":false},"author":2,"featured_media":0,"parent":0,"menu_order":0,"comment_status":"closed","ping_status":"closed","template":"","meta":{"spay_email":""},"jetpack_sharing_enabled":true,"jetpack_shortlink":"https:\/\/wp.me\/P8WdAV-1P","jetpack-related-posts":[{"id":343,"url":"https:\/\/www.wurftreff-lippstadt.de\/?page_id=343","url_meta":{"origin":113,"position":0},"title":"Impressum","date":"24. Oktober 2016","format":false,"excerpt":"Angaben gem\u00e4\u00df \u00a7 5 TMG: Wurftreff Lippstadt Dammstra\u00dfe 75 33397 Rietberg Vertreten durch: Uwe Utzel Kontakt: Telefon:0173 \/ 8248364 Copyright: Alle Rechte vorbehalten. Ohne Zustimmung des \"Wurftreff Lippstadt\", ist es verboten, textliche und fotografische Inhalte dieser Internetseite ganz oder teilweise zu nutzen, vervielf\u00e4ltigen, verbreiten oder verwerten! Die Inhalte d\u00fcrfen nicht\u2026","rel":"","context":"\u00c4hnlicher Beitrag","img":{"alt_text":"","src":"","width":0,"height":0},"classes":[]},{"id":253,"url":"https:\/\/www.wurftreff-lippstadt.de\/?page_id=253","url_meta":{"origin":113,"position":1},"title":"Wie alles anfing","date":"23. Oktober 2016","format":false,"excerpt":"Kurzer Lebenslauf eines Fliegenfischers ( Uwe Utzel ) Ich wurde 1966 in der sch\u00f6nen, von Wasser umgebenen Stadt, Lippstadt geboren. Mein Interesse galt seit fr\u00fchester Jugend immer Fl\u00fcssen und B\u00e4chen sowie deren Lebewesen. Angeln war damit, sobald Zeit und Geld es zulie\u00dfen, meine bevorzugte Sportart. Ich probierte alle Angelarten aus,\u2026","rel":"","context":"\u00c4hnlicher Beitrag","img":{"alt_text":"","src":"https:\/\/i1.wp.com\/www.wurftreff-lippstadt.de\/wp-content\/uploads\/2016\/11\/uweutzel-300x200.jpg?resize=350%2C200&ssl=1","width":350,"height":200},"classes":[]},{"id":584,"url":"https:\/\/www.wurftreff-lippstadt.de\/?page_id=584","url_meta":{"origin":113,"position":2},"title":"Kurse","date":"9. Dezember 2016","format":false,"excerpt":"Der Wurftreff findet 14-t\u00e4gig statt. Die Anmeldung erfolgt in einem pers\u00f6nlichen Gespr\u00e4ch per Telefon. Anf\u00e4ngerkurs Kennenlernen des Equipments Entomologie f\u00fcr Fliegenfischer Basisw\u00fcrfe, um am oder im Wasser die Angelsituation zu meistern. Knotenkunde Fortgeschrittenenkurs Wurfstiel perfektionieren Kursinhalte werden je nach vorhandenen Vorkenntnissen angepasst Vorbereitung f\u00fcr Pr\u00fcfungen auch hier werden die Kurse\u2026","rel":"","context":"\u00c4hnlicher Beitrag","img":{"alt_text":"","src":"","width":0,"height":0},"classes":[]},{"id":2,"url":"https:\/\/www.wurftreff-lippstadt.de\/","url_meta":{"origin":113,"position":3},"title":"Fliegenwurfkurse in Lippstadt","date":"10. Mai 2016","format":false,"excerpt":"Herzlich Willkommen beim \"Wurftreff Lippstadt\". die Flycasting-Guides Regelm\u00e4\u00dfige Kurse werden Ihnen einen Einblick in die Fliegenfischerei geben ...f\u00fcr Anf\u00e4nger und Fortgeschrittene, die das Fliegenfischen in entspannter Atmosph\u00e4re erlernen oder verbessern m\u00f6chten.","rel":"","context":"\u00c4hnlicher Beitrag","img":{"alt_text":"","src":"","width":0,"height":0},"classes":[]},{"id":356,"url":"https:\/\/www.wurftreff-lippstadt.de\/?page_id=356","url_meta":{"origin":113,"position":4},"title":"Galerien & Video","date":"24. Oktober 2016","format":false,"excerpt":"Hier m\u00f6chte ich euch einige Eindr\u00fccke vom Wurftreff und besonders dem Fliegenfischen geben. Schaut euch hier meinen Film an und lasst euch von der Faszination Fliegenfischen \u00fcberzeugen. Fliegenfischen an der Lippe Fliegenfischen an der Lippe","rel":"","context":"\u00c4hnlicher Beitrag","img":{"alt_text":"","src":"","width":0,"height":0},"classes":[]},{"id":289,"url":"https:\/\/www.wurftreff-lippstadt.de\/?page_id=289","url_meta":{"origin":113,"position":5},"title":"Unsere Treffpunkte","date":"23. Oktober 2016","format":false,"excerpt":"Hier findet Ihr unsere verschiedenen Treffpunkte und \u00dcbungspl\u00e4tze Sch\u00fctzenplatz Lipperbruch S\u00fcdliche Sch\u00fctzenhalle Lippstadt Toskanateich Lippstadt Sch\u00fctzenplatz Overhagen","rel":"","context":"\u00c4hnlicher Beitrag","img":{"alt_text":"","src":"","width":0,"height":0},"classes":[]}],"_links":{"self":[{"href":"https:\/\/www.wurftreff-lippstadt.de\/index.php?rest_route=\/wp\/v2\/pages\/113"}],"collection":[{"href":"https:\/\/www.wurftreff-lippstadt.de\/index.php?rest_route=\/wp\/v2\/pages"}],"about":[{"href":"https:\/\/www.wurftreff-lippstadt.de\/index.php?rest_route=\/wp\/v2\/types\/page"}],"author":[{"embeddable":true,"href":"https:\/\/www.wurftreff-lippstadt.de\/index.php?rest_route=\/wp\/v2\/users\/2"}],"replies":[{"embeddable":true,"href":"https:\/\/www.wurftreff-lippstadt.de\/index.php?rest_route=%2Fwp%2Fv2%2Fcomments&post=113"}],"version-history":[{"count":10,"href":"https:\/\/www.wurftreff-lippstadt.de\/index.php?rest_route=\/wp\/v2\/pages\/113\/revisions"}],"predecessor-version":[{"id":527,"href":"https:\/\/www.wurftreff-lippstadt.de\/index.php?rest_route=\/wp\/v2\/pages\/113\/revisions\/527"}],"wp:attachment":[{"href":"https:\/\/www.wurftreff-lippstadt.de\/index.php?rest_route=%2Fwp%2Fv2%2Fmedia&parent=113"}],"curies":[{"name":"wp","href":"https:\/\/api.w.org\/{rel}","templated":true}]}}