{"id":2,"date":"2016-05-10T03:48:21","date_gmt":"2016-05-10T03:48:21","guid":{"rendered":"http:\/\/wp452m.a10-52-158-154.qa.plesk.ru\/wordpress\/?page_id=2"},"modified":"2024-04-25T18:18:41","modified_gmt":"2024-04-25T18:18:41","slug":"sample-page","status":"publish","type":"page","link":"https:\/\/www.wurftreff-lippstadt.de\/","title":{"rendered":"Fliegenwurfkurse in Lippstadt"},"content":{"rendered":"<p style=\"text-align: center;\">Herzlich Willkommen beim &#8222;Wurftreff Lippstadt&#8220;.<\/p>\n\n<h3 style=\"text-align: center;\">die Flycasting-Guides<\/h3>\n<blockquote>Regelm\u00e4\u00dfige Kurse werden Ihnen einen Einblick in die Fliegenfischerei geben<\/blockquote>\n<style type=\"text\/css\">\r\n\t#foogallery-gallery-481 .fg-image {\r\n        width: 150px;\r\n    }\r\n<\/style>\r\n\t\t\t\t<div class=\"foogallery foogallery-container foogallery-default foogallery-lightbox-foobox-free fg-gutter-10 fg-center fg-default fg-light fg-border-thin fg-shadow-small fg-loading-default fg-loaded-fade-in fg-hover-fade fg-hover-plus fg-ready\" id=\"foogallery-gallery-481\" data-foogallery=\"{&quot;item&quot;:{&quot;showCaptionTitle&quot;:true,&quot;showCaptionDescription&quot;:false},&quot;lazy&quot;:true}\" >\r\n\t<div class=\"fg-item fg-type-image fg-idle\"><figure class=\"fg-item-inner\"><a href=\"https:\/\/www.wurftreff-lippstadt.de\/wp-content\/uploads\/2016\/11\/st02.jpg\" data-attachment-id=\"611\" class=\"fg-thumb\"><span class=\"fg-image-wrap\"><img width=\"150\" height=\"150\" class=\"skip-lazy fg-image\" data-src-fg=\"https:\/\/www.wurftreff-lippstadt.de\/wp-content\/uploads\/cache\/2016\/11\/st02\/1665468624.jpg\" src=\"data:image\/svg+xml,%3Csvg%20xmlns%3D%22http%3A%2F%2Fwww.w3.org%2F2000%2Fsvg%22%20width%3D%22150%22%20height%3D%22150%22%20viewBox%3D%220%200%20150%20150%22%3E%3C%2Fsvg%3E\" loading=\"eager\"><\/span><span class=\"fg-image-overlay\"><\/span><\/a><figcaption class=\"fg-caption\"><div class=\"fg-caption-inner\"><\/div><\/figcaption><\/figure><div class=\"fg-loader\"><\/div><\/div><div class=\"fg-item fg-type-image fg-idle\"><figure class=\"fg-item-inner\"><a href=\"https:\/\/www.wurftreff-lippstadt.de\/wp-content\/uploads\/2016\/11\/st03.jpg\" data-attachment-id=\"610\" class=\"fg-thumb\"><span class=\"fg-image-wrap\"><img width=\"150\" height=\"150\" class=\"skip-lazy fg-image\" data-src-fg=\"https:\/\/www.wurftreff-lippstadt.de\/wp-content\/uploads\/cache\/2016\/11\/st03\/2117086057.jpg\" src=\"data:image\/svg+xml,%3Csvg%20xmlns%3D%22http%3A%2F%2Fwww.w3.org%2F2000%2Fsvg%22%20width%3D%22150%22%20height%3D%22150%22%20viewBox%3D%220%200%20150%20150%22%3E%3C%2Fsvg%3E\" loading=\"eager\"><\/span><span class=\"fg-image-overlay\"><\/span><\/a><figcaption class=\"fg-caption\"><div class=\"fg-caption-inner\"><\/div><\/figcaption><\/figure><div class=\"fg-loader\"><\/div><\/div><div class=\"fg-item fg-type-image fg-idle\"><figure class=\"fg-item-inner\"><a href=\"https:\/\/www.wurftreff-lippstadt.de\/wp-content\/uploads\/2016\/11\/st01.jpg\" data-attachment-id=\"609\" class=\"fg-thumb\"><span class=\"fg-image-wrap\"><img width=\"150\" height=\"150\" class=\"skip-lazy fg-image\" data-src-fg=\"https:\/\/www.wurftreff-lippstadt.de\/wp-content\/uploads\/cache\/2016\/11\/st01\/1885168390.jpg\" src=\"data:image\/svg+xml,%3Csvg%20xmlns%3D%22http%3A%2F%2Fwww.w3.org%2F2000%2Fsvg%22%20width%3D%22150%22%20height%3D%22150%22%20viewBox%3D%220%200%20150%20150%22%3E%3C%2Fsvg%3E\" loading=\"eager\"><\/span><span class=\"fg-image-overlay\"><\/span><\/a><figcaption class=\"fg-caption\"><div class=\"fg-caption-inner\"><\/div><\/figcaption><\/figure><div class=\"fg-loader\"><\/div><\/div><\/div>\r\n\n<p style=\"text-align: justify;\">&#8230;f\u00fcr Anf\u00e4nger und Fortgeschrittene, die das Fliegenfischen in entspannter Atmosph\u00e4re erlernen oder verbessern m\u00f6chten.<\/p>\n<style type=\"text\/css\">\r\n\t#foogallery-gallery-606 .fg-image {\r\n        width: 150px;\r\n    }\r\n<\/style>\r\n\t\t\t\t<div class=\"foogallery foogallery-container foogallery-default foogallery-lightbox-foobox-free fg-gutter-10 fg-center fg-default fg-light fg-border-thin fg-shadow-small fg-loading-default fg-loaded-fade-in fg-hover-fade fg-hover-plus fg-ready\" id=\"foogallery-gallery-606\" data-foogallery=\"{&quot;item&quot;:{&quot;showCaptionTitle&quot;:true,&quot;showCaptionDescription&quot;:false},&quot;lazy&quot;:true}\" >\r\n\t<div class=\"fg-item fg-type-image fg-idle\"><figure class=\"fg-item-inner\"><a href=\"https:\/\/www.wurftreff-lippstadt.de\/wp-content\/uploads\/2016\/11\/lippe14.jpg\" data-attachment-id=\"551\" class=\"fg-thumb\"><span class=\"fg-image-wrap\"><img width=\"150\" height=\"150\" class=\"skip-lazy fg-image\" data-src-fg=\"https:\/\/www.wurftreff-lippstadt.de\/wp-content\/uploads\/cache\/2016\/11\/lippe14\/2053129046.jpg\" src=\"data:image\/svg+xml,%3Csvg%20xmlns%3D%22http%3A%2F%2Fwww.w3.org%2F2000%2Fsvg%22%20width%3D%22150%22%20height%3D%22150%22%20viewBox%3D%220%200%20150%20150%22%3E%3C%2Fsvg%3E\" loading=\"eager\"><\/span><span class=\"fg-image-overlay\"><\/span><\/a><figcaption class=\"fg-caption\"><div class=\"fg-caption-inner\"><\/div><\/figcaption><\/figure><div class=\"fg-loader\"><\/div><\/div><div class=\"fg-item fg-type-image fg-idle\"><figure class=\"fg-item-inner\"><a href=\"https:\/\/www.wurftreff-lippstadt.de\/wp-content\/uploads\/2016\/11\/lippe11.jpg\" data-attachment-id=\"548\" class=\"fg-thumb\"><span class=\"fg-image-wrap\"><img width=\"150\" height=\"150\" class=\"skip-lazy fg-image\" data-src-fg=\"https:\/\/www.wurftreff-lippstadt.de\/wp-content\/uploads\/cache\/2016\/11\/lippe11\/583311368.jpg\" src=\"data:image\/svg+xml,%3Csvg%20xmlns%3D%22http%3A%2F%2Fwww.w3.org%2F2000%2Fsvg%22%20width%3D%22150%22%20height%3D%22150%22%20viewBox%3D%220%200%20150%20150%22%3E%3C%2Fsvg%3E\" loading=\"eager\"><\/span><span class=\"fg-image-overlay\"><\/span><\/a><figcaption class=\"fg-caption\"><div class=\"fg-caption-inner\"><\/div><\/figcaption><\/figure><div class=\"fg-loader\"><\/div><\/div><div class=\"fg-item fg-type-image fg-idle\"><figure class=\"fg-item-inner\"><a href=\"https:\/\/www.wurftreff-lippstadt.de\/wp-content\/uploads\/2016\/11\/lippe6.jpg\" data-attachment-id=\"564\" class=\"fg-thumb\"><span class=\"fg-image-wrap\"><img width=\"150\" height=\"150\" class=\"skip-lazy fg-image\" data-src-fg=\"https:\/\/www.wurftreff-lippstadt.de\/wp-content\/uploads\/cache\/2016\/11\/lippe6\/351133111.jpg\" src=\"data:image\/svg+xml,%3Csvg%20xmlns%3D%22http%3A%2F%2Fwww.w3.org%2F2000%2Fsvg%22%20width%3D%22150%22%20height%3D%22150%22%20viewBox%3D%220%200%20150%20150%22%3E%3C%2Fsvg%3E\" loading=\"eager\"><\/span><span class=\"fg-image-overlay\"><\/span><\/a><figcaption class=\"fg-caption\"><div class=\"fg-caption-inner\"><\/div><\/figcaption><\/figure><div class=\"fg-loader\"><\/div><\/div><\/div>\r\n","protected":false},"excerpt":{"rendered":"<p>Herzlich Willkommen beim &#8222;Wurftreff Lippstadt&#8220;. die Flycasting-Guides Regelm\u00e4\u00dfige Kurse werden Ihnen einen Einblick in die Fliegenfischerei geben &#8230;f\u00fcr Anf\u00e4nger und Fortgeschrittene, die das Fliegenfischen in entspannter Atmosph\u00e4re erlernen oder verbessern m\u00f6chten.<\/p>\n","protected":false},"author":2,"featured_media":0,"parent":0,"menu_order":0,"comment_status":"closed","ping_status":"open","template":"","meta":{"spay_email":""},"jetpack_sharing_enabled":true,"jetpack_shortlink":"https:\/\/wp.me\/P8WdAV-2","jetpack-related-posts":[{"id":356,"url":"https:\/\/www.wurftreff-lippstadt.de\/?page_id=356","url_meta":{"origin":2,"position":0},"title":"Galerien & Video","date":"24. Oktober 2016","format":false,"excerpt":"Hier m\u00f6chte ich euch einige Eindr\u00fccke vom Wurftreff und besonders dem Fliegenfischen geben. Schaut euch hier meinen Film an und lasst euch von der Faszination Fliegenfischen \u00fcberzeugen. Fliegenfischen an der Lippe Fliegenfischen an der Lippe","rel":"","context":"\u00c4hnlicher Beitrag","img":{"alt_text":"","src":"","width":0,"height":0},"classes":[]},{"id":253,"url":"https:\/\/www.wurftreff-lippstadt.de\/?page_id=253","url_meta":{"origin":2,"position":1},"title":"Wie alles anfing","date":"23. Oktober 2016","format":false,"excerpt":"Kurzer Lebenslauf eines Fliegenfischers ( Uwe Utzel ) Ich wurde 1966 in der sch\u00f6nen, von Wasser umgebenen Stadt, Lippstadt geboren. Mein Interesse galt seit fr\u00fchester Jugend immer Fl\u00fcssen und B\u00e4chen sowie deren Lebewesen. Angeln war damit, sobald Zeit und Geld es zulie\u00dfen, meine bevorzugte Sportart. Ich probierte alle Angelarten aus,\u2026","rel":"","context":"\u00c4hnlicher Beitrag","img":{"alt_text":"","src":"https:\/\/i1.wp.com\/www.wurftreff-lippstadt.de\/wp-content\/uploads\/2016\/11\/uweutzel-300x200.jpg?resize=350%2C200&ssl=1","width":350,"height":200},"classes":[]},{"id":289,"url":"https:\/\/www.wurftreff-lippstadt.de\/?page_id=289","url_meta":{"origin":2,"position":2},"title":"Unsere Treffpunkte","date":"23. Oktober 2016","format":false,"excerpt":"Hier findet Ihr unsere verschiedenen Treffpunkte und \u00dcbungspl\u00e4tze Sch\u00fctzenplatz Lipperbruch S\u00fcdliche Sch\u00fctzenhalle Lippstadt Toskanateich Lippstadt Sch\u00fctzenplatz Overhagen","rel":"","context":"\u00c4hnlicher Beitrag","img":{"alt_text":"","src":"","width":0,"height":0},"classes":[]},{"id":113,"url":"https:\/\/www.wurftreff-lippstadt.de\/?page_id=113","url_meta":{"origin":2,"position":3},"title":"AGBs","date":"23. Oktober 2016","format":false,"excerpt":"Die Teilnahme an dem von mir angebotenen Wurftreff, den Kursen, Workshops, Guidings und Meetings erfolgt auf eigene Gefahr, eine Haftung unsererseits f\u00fcr Sach- und Personensch\u00e4den jeglicher Art ist ausgeschlossen. Bei Teilnahme am Wurftreff, einem Kurs, Workshop oder Guiding ist die Geb\u00fchr sofort bar f\u00e4llig. Besonderheiten zu abweichenden Regelungen bei speziell\u2026","rel":"","context":"\u00c4hnlicher Beitrag","img":{"alt_text":"","src":"","width":0,"height":0},"classes":[]},{"id":343,"url":"https:\/\/www.wurftreff-lippstadt.de\/?page_id=343","url_meta":{"origin":2,"position":4},"title":"Impressum","date":"24. Oktober 2016","format":false,"excerpt":"Angaben gem\u00e4\u00df \u00a7 5 TMG: Wurftreff Lippstadt Dammstra\u00dfe 75 33397 Rietberg Vertreten durch: Uwe Utzel Kontakt: Telefon:0173 \/ 8248364 Copyright: Alle Rechte vorbehalten. Ohne Zustimmung des \"Wurftreff Lippstadt\", ist es verboten, textliche und fotografische Inhalte dieser Internetseite ganz oder teilweise zu nutzen, vervielf\u00e4ltigen, verbreiten oder verwerten! Die Inhalte d\u00fcrfen nicht\u2026","rel":"","context":"\u00c4hnlicher Beitrag","img":{"alt_text":"","src":"","width":0,"height":0},"classes":[]},{"id":584,"url":"https:\/\/www.wurftreff-lippstadt.de\/?page_id=584","url_meta":{"origin":2,"position":5},"title":"Kurse","date":"9. Dezember 2016","format":false,"excerpt":"Der Wurftreff findet 14-t\u00e4gig statt. Die Anmeldung erfolgt in einem pers\u00f6nlichen Gespr\u00e4ch per Telefon. Anf\u00e4ngerkurs Kennenlernen des Equipments Entomologie f\u00fcr Fliegenfischer Basisw\u00fcrfe, um am oder im Wasser die Angelsituation zu meistern. Knotenkunde Fortgeschrittenenkurs Wurfstiel perfektionieren Kursinhalte werden je nach vorhandenen Vorkenntnissen angepasst Vorbereitung f\u00fcr Pr\u00fcfungen auch hier werden die Kurse\u2026","rel":"","context":"\u00c4hnlicher Beitrag","img":{"alt_text":"","src":"","width":0,"height":0},"classes":[]}],"_links":{"self":[{"href":"https:\/\/www.wurftreff-lippstadt.de\/index.php?rest_route=\/wp\/v2\/pages\/2"}],"collection":[{"href":"https:\/\/www.wurftreff-lippstadt.de\/index.php?rest_route=\/wp\/v2\/pages"}],"about":[{"href":"https:\/\/www.wurftreff-lippstadt.de\/index.php?rest_route=\/wp\/v2\/types\/page"}],"author":[{"embeddable":true,"href":"https:\/\/www.wurftreff-lippstadt.de\/index.php?rest_route=\/wp\/v2\/users\/2"}],"replies":[{"embeddable":true,"href":"https:\/\/www.wurftreff-lippstadt.de\/index.php?rest_route=%2Fwp%2Fv2%2Fcomments&post=2"}],"version-history":[{"count":46,"href":"https:\/\/www.wurftreff-lippstadt.de\/index.php?rest_route=\/wp\/v2\/pages\/2\/revisions"}],"predecessor-version":[{"id":736,"href":"https:\/\/www.wurftreff-lippstadt.de\/index.php?rest_route=\/wp\/v2\/pages\/2\/revisions\/736"}],"wp:attachment":[{"href":"https:\/\/www.wurftreff-lippstadt.de\/index.php?rest_route=%2Fwp%2Fv2%2Fmedia&parent=2"}],"curies":[{"name":"wp","href":"https:\/\/api.w.org\/{rel}","templated":true}]}}