{"id":253,"date":"2016-10-23T14:00:59","date_gmt":"2016-10-23T14:00:59","guid":{"rendered":"https:\/\/www.wurftreff-lippstadt.de\/?page_id=253"},"modified":"2017-06-29T12:24:20","modified_gmt":"2017-06-29T12:24:20","slug":"historie","status":"publish","type":"page","link":"https:\/\/www.wurftreff-lippstadt.de\/?page_id=253","title":{"rendered":"Wie alles anfing"},"content":{"rendered":"<blockquote>Kurzer Lebenslauf eines Fliegenfischers ( Uwe Utzel )<\/blockquote>\r\n<img data-attachment-id=\"484\" data-permalink=\"https:\/\/www.wurftreff-lippstadt.de\/?attachment_id=484#main\" data-orig-file=\"https:\/\/i2.wp.com\/www.wurftreff-lippstadt.de\/wp-content\/uploads\/2016\/11\/uweutzel.jpg?fit=900%2C601&amp;ssl=1\" data-orig-size=\"900,601\" data-comments-opened=\"1\" data-image-meta=\"{&quot;aperture&quot;:&quot;0&quot;,&quot;credit&quot;:&quot;admin&quot;,&quot;camera&quot;:&quot;&quot;,&quot;caption&quot;:&quot;&quot;,&quot;created_timestamp&quot;:&quot;1478001704&quot;,&quot;copyright&quot;:&quot;&quot;,&quot;focal_length&quot;:&quot;0&quot;,&quot;iso&quot;:&quot;0&quot;,&quot;shutter_speed&quot;:&quot;0&quot;,&quot;title&quot;:&quot;&quot;,&quot;orientation&quot;:&quot;0&quot;}\" data-image-title=\"uweutzel\" data-image-description=\"\" data-medium-file=\"https:\/\/i2.wp.com\/www.wurftreff-lippstadt.de\/wp-content\/uploads\/2016\/11\/uweutzel.jpg?fit=300%2C200&amp;ssl=1\" data-large-file=\"https:\/\/i2.wp.com\/www.wurftreff-lippstadt.de\/wp-content\/uploads\/2016\/11\/uweutzel.jpg?fit=900%2C601&amp;ssl=1\" loading=\"lazy\" class=\"alignright size-medium wp-image-484\" src=\"https:\/\/i2.wp.com\/www.wurftreff-lippstadt.de\/wp-content\/uploads\/2016\/11\/uweutzel.jpg?resize=300%2C200&#038;ssl=1\" alt=\"uweutzel\" width=\"300\" height=\"200\" srcset=\"https:\/\/i2.wp.com\/www.wurftreff-lippstadt.de\/wp-content\/uploads\/2016\/11\/uweutzel.jpg?resize=300%2C200&amp;ssl=1 300w, https:\/\/i2.wp.com\/www.wurftreff-lippstadt.de\/wp-content\/uploads\/2016\/11\/uweutzel.jpg?resize=768%2C513&amp;ssl=1 768w, https:\/\/i2.wp.com\/www.wurftreff-lippstadt.de\/wp-content\/uploads\/2016\/11\/uweutzel.jpg?resize=618%2C413&amp;ssl=1 618w, https:\/\/i2.wp.com\/www.wurftreff-lippstadt.de\/wp-content\/uploads\/2016\/11\/uweutzel.jpg?resize=444%2C296&amp;ssl=1 444w, https:\/\/i2.wp.com\/www.wurftreff-lippstadt.de\/wp-content\/uploads\/2016\/11\/uweutzel.jpg?w=900&amp;ssl=1 900w\" sizes=\"(max-width: 300px) 100vw, 300px\" data-recalc-dims=\"1\" \/>\r\n<p style=\"text-align: justify;\">Ich wurde 1966 in der sch\u00f6nen, von Wasser umgebenen Stadt, Lippstadt geboren. Mein Interesse galt seit fr\u00fchester Jugend immer Fl\u00fcssen und B\u00e4chen sowie deren Lebewesen. <\/p>\r\n<p style=\"text-align: justify;\">Angeln war damit, sobald Zeit und Geld es zulie\u00dfen, meine bevorzugte Sportart. Ich probierte alle Angelarten aus, bis ich zu einer alten Fliegenrute kam.<\/p>\r\n\r\n\r\n<blockquote>Damit hatte mich die Leidenschaft gepackt!!!<\/blockquote>\r\n<p style=\"text-align: justify;\">Im nahegelegenen Sauerland habe ich meine Erfahrungen gesammelt und es dauerte nicht lange bis der Wunsch aufkam, das Fliegenfischen zu verbessern.  \r\n2006 kam ich erstmals in Kontakt mit dem Wurftreff.<\/p>\r\n<blockquote>Damit waren die Sonntage bis auf weiteres verplant &#8212; und auch die gute Gesellschaft war gesichert:<\/blockquote>\r\n<p style=\"text-align: justify;\">Unterricht bei Uwe Kaptein, Reinhard Syre, J\u00f6rg Steinmann und  J\u00fcrgen Friesenhahn standen auf dem Stundenplan. Es war nicht einfach, aber jeder Einzelne trug wesentlich dazu bei, dass ich am 26.09.2009 das Zertifikat zum I.F.F.F. Fly Casting Instructor in der Hand hielt.<\/p> \r\n<p style=\"text-align: justify;\">Mein Bestreben war es nun, erarbeitetes Wissen im Wurftreff in Lippstadt weiterzugeben und vor allem anderen Menschen die Freude an dieser Sportart zu vermitteln.<\/p> \r\n<p style=\"text-align: justify;\">Zur Perfektionierung meiner Ausbildung bereitete ich mich zielstrebig auf die I.F.F.F. Master Fly Casting Instructor Pr\u00fcfung vor und bestand diese mit Erfolg am 18.04.2015 in F\u00fcrstenfeldbruck.<\/p>","protected":false},"excerpt":{"rendered":"<p>Kurzer Lebenslauf eines Fliegenfischers ( Uwe Utzel ) Ich wurde 1966 in der sch\u00f6nen, von Wasser umgebenen Stadt, Lippstadt geboren. Mein Interesse galt seit fr\u00fchester Jugend immer Fl\u00fcssen und B\u00e4chen sowie deren Lebewesen. Angeln war damit, sobald Zeit und Geld es zulie\u00dfen, meine bevorzugte Sportart. Ich probierte alle Angelarten aus, bis ich zu einer alten [&hellip;]<\/p>\n","protected":false},"author":2,"featured_media":0,"parent":0,"menu_order":0,"comment_status":"closed","ping_status":"closed","template":"","meta":{"spay_email":""},"jetpack_sharing_enabled":true,"jetpack_shortlink":"https:\/\/wp.me\/P8WdAV-45","jetpack-related-posts":[{"id":356,"url":"https:\/\/www.wurftreff-lippstadt.de\/?page_id=356","url_meta":{"origin":253,"position":0},"title":"Galerien & Video","date":"24. Oktober 2016","format":false,"excerpt":"Hier m\u00f6chte ich euch einige Eindr\u00fccke vom Wurftreff und besonders dem Fliegenfischen geben. Schaut euch hier meinen Film an und lasst euch von der Faszination Fliegenfischen \u00fcberzeugen. Fliegenfischen an der Lippe Fliegenfischen an der Lippe","rel":"","context":"\u00c4hnlicher Beitrag","img":{"alt_text":"","src":"","width":0,"height":0},"classes":[]},{"id":343,"url":"https:\/\/www.wurftreff-lippstadt.de\/?page_id=343","url_meta":{"origin":253,"position":1},"title":"Impressum","date":"24. Oktober 2016","format":false,"excerpt":"Angaben gem\u00e4\u00df \u00a7 5 TMG: Wurftreff Lippstadt Dammstra\u00dfe 75 33397 Rietberg Vertreten durch: Uwe Utzel Kontakt: Telefon:0173 \/ 8248364 Copyright: Alle Rechte vorbehalten. Ohne Zustimmung des \"Wurftreff Lippstadt\", ist es verboten, textliche und fotografische Inhalte dieser Internetseite ganz oder teilweise zu nutzen, vervielf\u00e4ltigen, verbreiten oder verwerten! Die Inhalte d\u00fcrfen nicht\u2026","rel":"","context":"\u00c4hnlicher Beitrag","img":{"alt_text":"","src":"","width":0,"height":0},"classes":[]},{"id":113,"url":"https:\/\/www.wurftreff-lippstadt.de\/?page_id=113","url_meta":{"origin":253,"position":2},"title":"AGBs","date":"23. Oktober 2016","format":false,"excerpt":"Die Teilnahme an dem von mir angebotenen Wurftreff, den Kursen, Workshops, Guidings und Meetings erfolgt auf eigene Gefahr, eine Haftung unsererseits f\u00fcr Sach- und Personensch\u00e4den jeglicher Art ist ausgeschlossen. Bei Teilnahme am Wurftreff, einem Kurs, Workshop oder Guiding ist die Geb\u00fchr sofort bar f\u00e4llig. Besonderheiten zu abweichenden Regelungen bei speziell\u2026","rel":"","context":"\u00c4hnlicher Beitrag","img":{"alt_text":"","src":"","width":0,"height":0},"classes":[]},{"id":584,"url":"https:\/\/www.wurftreff-lippstadt.de\/?page_id=584","url_meta":{"origin":253,"position":3},"title":"Kurse","date":"9. Dezember 2016","format":false,"excerpt":"Der Wurftreff findet 14-t\u00e4gig statt. Die Anmeldung erfolgt in einem pers\u00f6nlichen Gespr\u00e4ch per Telefon. Anf\u00e4ngerkurs Kennenlernen des Equipments Entomologie f\u00fcr Fliegenfischer Basisw\u00fcrfe, um am oder im Wasser die Angelsituation zu meistern. Knotenkunde Fortgeschrittenenkurs Wurfstiel perfektionieren Kursinhalte werden je nach vorhandenen Vorkenntnissen angepasst Vorbereitung f\u00fcr Pr\u00fcfungen auch hier werden die Kurse\u2026","rel":"","context":"\u00c4hnlicher Beitrag","img":{"alt_text":"","src":"","width":0,"height":0},"classes":[]},{"id":2,"url":"https:\/\/www.wurftreff-lippstadt.de\/","url_meta":{"origin":253,"position":4},"title":"Fliegenwurfkurse in Lippstadt","date":"10. Mai 2016","format":false,"excerpt":"Herzlich Willkommen beim \"Wurftreff Lippstadt\". die Flycasting-Guides Regelm\u00e4\u00dfige Kurse werden Ihnen einen Einblick in die Fliegenfischerei geben ...f\u00fcr Anf\u00e4nger und Fortgeschrittene, die das Fliegenfischen in entspannter Atmosph\u00e4re erlernen oder verbessern m\u00f6chten.","rel":"","context":"\u00c4hnlicher Beitrag","img":{"alt_text":"","src":"","width":0,"height":0},"classes":[]},{"id":450,"url":"https:\/\/www.wurftreff-lippstadt.de\/?page_id=450","url_meta":{"origin":253,"position":5},"title":"Links","date":"27. Oktober 2016","format":false,"excerpt":"Man wird ja nicht als Fliegenfischer geboren. Hier haben ich ein paar Tipps f\u00fcr euch.","rel":"","context":"\u00c4hnlicher Beitrag","img":{"alt_text":"","src":"","width":0,"height":0},"classes":[]}],"_links":{"self":[{"href":"https:\/\/www.wurftreff-lippstadt.de\/index.php?rest_route=\/wp\/v2\/pages\/253"}],"collection":[{"href":"https:\/\/www.wurftreff-lippstadt.de\/index.php?rest_route=\/wp\/v2\/pages"}],"about":[{"href":"https:\/\/www.wurftreff-lippstadt.de\/index.php?rest_route=\/wp\/v2\/types\/page"}],"author":[{"embeddable":true,"href":"https:\/\/www.wurftreff-lippstadt.de\/index.php?rest_route=\/wp\/v2\/users\/2"}],"replies":[{"embeddable":true,"href":"https:\/\/www.wurftreff-lippstadt.de\/index.php?rest_route=%2Fwp%2Fv2%2Fcomments&post=253"}],"version-history":[{"count":20,"href":"https:\/\/www.wurftreff-lippstadt.de\/index.php?rest_route=\/wp\/v2\/pages\/253\/revisions"}],"predecessor-version":[{"id":622,"href":"https:\/\/www.wurftreff-lippstadt.de\/index.php?rest_route=\/wp\/v2\/pages\/253\/revisions\/622"}],"wp:attachment":[{"href":"https:\/\/www.wurftreff-lippstadt.de\/index.php?rest_route=%2Fwp%2Fv2%2Fmedia&parent=253"}],"curies":[{"name":"wp","href":"https:\/\/api.w.org\/{rel}","templated":true}]}}