{"id":343,"date":"2016-10-24T08:59:08","date_gmt":"2016-10-24T08:59:08","guid":{"rendered":"https:\/\/www.wurftreff-lippstadt.de\/?page_id=343"},"modified":"2017-06-29T12:29:05","modified_gmt":"2017-06-29T12:29:05","slug":"impressum","status":"publish","type":"page","link":"https:\/\/www.wurftreff-lippstadt.de\/?page_id=343","title":{"rendered":"Impressum"},"content":{"rendered":"<h2>Angaben gem\u00e4\u00df \u00a7 5 TMG:<\/h2>\r\n<p>Wurftreff Lippstadt<br \/>\r\nDammstra\u00dfe 75<br \/>\r\n33397 Rietberg\r\n<\/p>\r\n<h2>Vertreten durch:<\/h2>\r\n<p>Uwe Utzel<\/p>\r\n<h2>Kontakt:<\/h2>\r\nTelefon:0173 \/ 8248364\r\n\r\n\r\n<h2>Copyright:<\/h2>\r\n<p>Alle Rechte vorbehalten. Ohne Zustimmung des &#8222;Wurftreff Lippstadt&#8220;, ist es verboten, textliche und fotografische Inhalte dieser Internetseite ganz oder teilweise zu nutzen, vervielf\u00e4ltigen, verbreiten oder verwerten! Die Inhalte d\u00fcrfen nicht ver\u00e4ndert oder bearbeitet werden!\r\n\r\n<h2>Haftungshinweis:<\/h2>\r\n<p>Trotz sorgf\u00e4ltiger inhaltlicher Kontrolle \u00fcbernehmen wir keine Haftung f\u00fcr den Inhalt externer Links!<\/p>\r\n\r\n<h2>Datenschutz<\/h2> \r\n<p>Die Betreiber dieser Seiten nehmen den Schutz Ihrer pers\u00f6nlichen Daten sehr ernst. Wir behandeln Ihre personenbezogenen Daten vertraulich und entsprechend der gesetzlichen Datenschutzvorschriften sowie dieser Datenschutzerkl\u00e4rung.<\/p> <p>Die Nutzung unserer Webseite ist in der Regel ohne Angabe personenbezogener Daten m\u00f6glich. Soweit auf unseren Seiten personenbezogene Daten (beispielsweise Name, Anschrift oder E-Mail-Adressen) erhoben werden, erfolgt dies, soweit m\u00f6glich, stets auf freiwilliger Basis. Diese Daten werden ohne Ihre ausdr\u00fcckliche Zustimmung nicht an Dritte weitergegeben.<\/p> <p>Wir weisen darauf hin, dass die Daten\u00fcbertragung im Internet (z.B. bei der Kommunikation per E-Mail) Sicherheitsl\u00fccken aufweisen kann. Ein l\u00fcckenloser Schutz der Daten vor dem Zugriff durch Dritte ist nicht m\u00f6glich.<\/p><p> <\/p>\r\n\r\n<h2>Kontaktformular<\/h2> \r\n<p>Wenn Sie uns per Kontaktformular Anfragen zukommen lassen, werden Ihre Angaben aus dem Anfrageformular inklusive der von Ihnen dort angegebenen Kontaktdaten zwecks Bearbeitung der Anfrage und f\u00fcr den Fall von Anschlussfragen bei uns gespeichert. Diese Daten geben wir nicht ohne Ihre Einwilligung weiter.<\/p>","protected":false},"excerpt":{"rendered":"<p>Angaben gem\u00e4\u00df \u00a7 5 TMG: Wurftreff Lippstadt Dammstra\u00dfe 75 33397 Rietberg Vertreten durch: Uwe Utzel Kontakt: Telefon:0173 \/ 8248364 Copyright: Alle Rechte vorbehalten. Ohne Zustimmung des &#8222;Wurftreff Lippstadt&#8220;, ist es verboten, textliche und fotografische Inhalte dieser Internetseite ganz oder teilweise zu nutzen, vervielf\u00e4ltigen, verbreiten oder verwerten! Die Inhalte d\u00fcrfen nicht ver\u00e4ndert oder bearbeitet werden! Haftungshinweis: [&hellip;]<\/p>\n","protected":false},"author":2,"featured_media":0,"parent":0,"menu_order":0,"comment_status":"closed","ping_status":"closed","template":"","meta":{"spay_email":""},"jetpack_sharing_enabled":true,"jetpack_shortlink":"https:\/\/wp.me\/P8WdAV-5x","jetpack-related-posts":[{"id":113,"url":"https:\/\/www.wurftreff-lippstadt.de\/?page_id=113","url_meta":{"origin":343,"position":0},"title":"AGBs","date":"23. Oktober 2016","format":false,"excerpt":"Die Teilnahme an dem von mir angebotenen Wurftreff, den Kursen, Workshops, Guidings und Meetings erfolgt auf eigene Gefahr, eine Haftung unsererseits f\u00fcr Sach- und Personensch\u00e4den jeglicher Art ist ausgeschlossen. Bei Teilnahme am Wurftreff, einem Kurs, Workshop oder Guiding ist die Geb\u00fchr sofort bar f\u00e4llig. Besonderheiten zu abweichenden Regelungen bei speziell\u2026","rel":"","context":"\u00c4hnlicher Beitrag","img":{"alt_text":"","src":"","width":0,"height":0},"classes":[]},{"id":253,"url":"https:\/\/www.wurftreff-lippstadt.de\/?page_id=253","url_meta":{"origin":343,"position":1},"title":"Wie alles anfing","date":"23. Oktober 2016","format":false,"excerpt":"Kurzer Lebenslauf eines Fliegenfischers ( Uwe Utzel ) Ich wurde 1966 in der sch\u00f6nen, von Wasser umgebenen Stadt, Lippstadt geboren. Mein Interesse galt seit fr\u00fchester Jugend immer Fl\u00fcssen und B\u00e4chen sowie deren Lebewesen. Angeln war damit, sobald Zeit und Geld es zulie\u00dfen, meine bevorzugte Sportart. Ich probierte alle Angelarten aus,\u2026","rel":"","context":"\u00c4hnlicher Beitrag","img":{"alt_text":"","src":"https:\/\/i1.wp.com\/www.wurftreff-lippstadt.de\/wp-content\/uploads\/2016\/11\/uweutzel-300x200.jpg?resize=350%2C200&ssl=1","width":350,"height":200},"classes":[]},{"id":2,"url":"https:\/\/www.wurftreff-lippstadt.de\/","url_meta":{"origin":343,"position":2},"title":"Fliegenwurfkurse in Lippstadt","date":"10. Mai 2016","format":false,"excerpt":"Herzlich Willkommen beim \"Wurftreff Lippstadt\". die Flycasting-Guides Regelm\u00e4\u00dfige Kurse werden Ihnen einen Einblick in die Fliegenfischerei geben ...f\u00fcr Anf\u00e4nger und Fortgeschrittene, die das Fliegenfischen in entspannter Atmosph\u00e4re erlernen oder verbessern m\u00f6chten.","rel":"","context":"\u00c4hnlicher Beitrag","img":{"alt_text":"","src":"","width":0,"height":0},"classes":[]},{"id":584,"url":"https:\/\/www.wurftreff-lippstadt.de\/?page_id=584","url_meta":{"origin":343,"position":3},"title":"Kurse","date":"9. Dezember 2016","format":false,"excerpt":"Der Wurftreff findet 14-t\u00e4gig statt. Die Anmeldung erfolgt in einem pers\u00f6nlichen Gespr\u00e4ch per Telefon. Anf\u00e4ngerkurs Kennenlernen des Equipments Entomologie f\u00fcr Fliegenfischer Basisw\u00fcrfe, um am oder im Wasser die Angelsituation zu meistern. Knotenkunde Fortgeschrittenenkurs Wurfstiel perfektionieren Kursinhalte werden je nach vorhandenen Vorkenntnissen angepasst Vorbereitung f\u00fcr Pr\u00fcfungen auch hier werden die Kurse\u2026","rel":"","context":"\u00c4hnlicher Beitrag","img":{"alt_text":"","src":"","width":0,"height":0},"classes":[]},{"id":356,"url":"https:\/\/www.wurftreff-lippstadt.de\/?page_id=356","url_meta":{"origin":343,"position":4},"title":"Galerien & Video","date":"24. Oktober 2016","format":false,"excerpt":"Hier m\u00f6chte ich euch einige Eindr\u00fccke vom Wurftreff und besonders dem Fliegenfischen geben. Schaut euch hier meinen Film an und lasst euch von der Faszination Fliegenfischen \u00fcberzeugen. Fliegenfischen an der Lippe Fliegenfischen an der Lippe","rel":"","context":"\u00c4hnlicher Beitrag","img":{"alt_text":"","src":"","width":0,"height":0},"classes":[]},{"id":289,"url":"https:\/\/www.wurftreff-lippstadt.de\/?page_id=289","url_meta":{"origin":343,"position":5},"title":"Unsere Treffpunkte","date":"23. Oktober 2016","format":false,"excerpt":"Hier findet Ihr unsere verschiedenen Treffpunkte und \u00dcbungspl\u00e4tze Sch\u00fctzenplatz Lipperbruch S\u00fcdliche Sch\u00fctzenhalle Lippstadt Toskanateich Lippstadt Sch\u00fctzenplatz Overhagen","rel":"","context":"\u00c4hnlicher Beitrag","img":{"alt_text":"","src":"","width":0,"height":0},"classes":[]}],"_links":{"self":[{"href":"https:\/\/www.wurftreff-lippstadt.de\/index.php?rest_route=\/wp\/v2\/pages\/343"}],"collection":[{"href":"https:\/\/www.wurftreff-lippstadt.de\/index.php?rest_route=\/wp\/v2\/pages"}],"about":[{"href":"https:\/\/www.wurftreff-lippstadt.de\/index.php?rest_route=\/wp\/v2\/types\/page"}],"author":[{"embeddable":true,"href":"https:\/\/www.wurftreff-lippstadt.de\/index.php?rest_route=\/wp\/v2\/users\/2"}],"replies":[{"embeddable":true,"href":"https:\/\/www.wurftreff-lippstadt.de\/index.php?rest_route=%2Fwp%2Fv2%2Fcomments&post=343"}],"version-history":[{"count":19,"href":"https:\/\/www.wurftreff-lippstadt.de\/index.php?rest_route=\/wp\/v2\/pages\/343\/revisions"}],"predecessor-version":[{"id":623,"href":"https:\/\/www.wurftreff-lippstadt.de\/index.php?rest_route=\/wp\/v2\/pages\/343\/revisions\/623"}],"wp:attachment":[{"href":"https:\/\/www.wurftreff-lippstadt.de\/index.php?rest_route=%2Fwp%2Fv2%2Fmedia&parent=343"}],"curies":[{"name":"wp","href":"https:\/\/api.w.org\/{rel}","templated":true}]}}