{"id":356,"date":"2016-10-24T09:43:24","date_gmt":"2016-10-24T09:43:24","guid":{"rendered":"https:\/\/www.wurftreff-lippstadt.de\/?page_id=356"},"modified":"2017-07-10T11:08:54","modified_gmt":"2017-07-10T11:08:54","slug":"galerien","status":"publish","type":"page","link":"https:\/\/www.wurftreff-lippstadt.de\/?page_id=356","title":{"rendered":"Galerien &#038; Video"},"content":{"rendered":"<blockquote><p style=\"text-align: justify\">Hier m\u00f6chte ich euch einige Eindr\u00fccke vom Wurftreff und besonders dem Fliegenfischen geben. Schaut euch hier meinen Film an und lasst euch von der Faszination Fliegenfischen \u00fcberzeugen.<\/p><\/blockquote>\r\n\r\n\r\n                <button type=\"button\" class=\"btn-lg center-block\" data-toggle=\"modal\" data-target=\"#wurftreff\">\r\n                    Fliegenfischen an der Lippe\r\n                <\/button>\r\n\r\n<h3>Fliegenfischen an der Lippe<\/h3>\r\n<style type=\"text\/css\">\r\n\t#foogallery-gallery-581 .fg-image {\r\n        width: 150px;\r\n    }\r\n<\/style>\r\n\t\t\t\t<div class=\"foogallery foogallery-container foogallery-default foogallery-lightbox-foobox-free fg-gutter-10 fg-center fg-default fg-light fg-border-thin fg-shadow-small fg-loading-default fg-loaded-fade-in fg-hover-fade fg-hover-eye fg-ready\" id=\"foogallery-gallery-581\" data-foogallery=\"{&quot;item&quot;:{&quot;showCaptionTitle&quot;:true,&quot;showCaptionDescription&quot;:false},&quot;lazy&quot;:true}\" >\r\n\t<div class=\"fg-item fg-type-image fg-idle\"><figure class=\"fg-item-inner\"><a href=\"https:\/\/www.wurftreff-lippstadt.de\/wp-content\/uploads\/2016\/11\/lippe10.jpg\" data-attachment-id=\"568\" class=\"fg-thumb\"><span class=\"fg-image-wrap\"><img width=\"150\" height=\"150\" class=\"skip-lazy fg-image\" data-src-fg=\"https:\/\/www.wurftreff-lippstadt.de\/wp-content\/uploads\/cache\/2016\/11\/lippe10\/791191409.jpg\" src=\"data:image\/svg+xml,%3Csvg%20xmlns%3D%22http%3A%2F%2Fwww.w3.org%2F2000%2Fsvg%22%20width%3D%22150%22%20height%3D%22150%22%20viewBox%3D%220%200%20150%20150%22%3E%3C%2Fsvg%3E\" loading=\"eager\"><\/span><span class=\"fg-image-overlay\"><\/span><\/a><figcaption class=\"fg-caption\"><div class=\"fg-caption-inner\"><\/div><\/figcaption><\/figure><div class=\"fg-loader\"><\/div><\/div><div class=\"fg-item fg-type-image fg-idle\"><figure class=\"fg-item-inner\"><a href=\"https:\/\/www.wurftreff-lippstadt.de\/wp-content\/uploads\/2016\/11\/lippe9.jpg\" data-attachment-id=\"567\" class=\"fg-thumb\"><span class=\"fg-image-wrap\"><img width=\"150\" height=\"150\" class=\"skip-lazy fg-image\" data-src-fg=\"https:\/\/www.wurftreff-lippstadt.de\/wp-content\/uploads\/cache\/2016\/11\/lippe9\/2482463516.jpg\" src=\"data:image\/svg+xml,%3Csvg%20xmlns%3D%22http%3A%2F%2Fwww.w3.org%2F2000%2Fsvg%22%20width%3D%22150%22%20height%3D%22150%22%20viewBox%3D%220%200%20150%20150%22%3E%3C%2Fsvg%3E\" loading=\"eager\"><\/span><span class=\"fg-image-overlay\"><\/span><\/a><figcaption class=\"fg-caption\"><div class=\"fg-caption-inner\"><\/div><\/figcaption><\/figure><div class=\"fg-loader\"><\/div><\/div><div class=\"fg-item fg-type-image fg-idle\"><figure class=\"fg-item-inner\"><a href=\"https:\/\/www.wurftreff-lippstadt.de\/wp-content\/uploads\/2016\/11\/lippe21.jpg\" data-attachment-id=\"558\" class=\"fg-thumb\"><span class=\"fg-image-wrap\"><img width=\"150\" height=\"150\" class=\"skip-lazy fg-image\" data-src-fg=\"https:\/\/www.wurftreff-lippstadt.de\/wp-content\/uploads\/cache\/2016\/11\/lippe21\/282089631.jpg\" src=\"data:image\/svg+xml,%3Csvg%20xmlns%3D%22http%3A%2F%2Fwww.w3.org%2F2000%2Fsvg%22%20width%3D%22150%22%20height%3D%22150%22%20viewBox%3D%220%200%20150%20150%22%3E%3C%2Fsvg%3E\" loading=\"eager\"><\/span><span class=\"fg-image-overlay\"><\/span><\/a><figcaption class=\"fg-caption\"><div class=\"fg-caption-inner\"><\/div><\/figcaption><\/figure><div class=\"fg-loader\"><\/div><\/div><div class=\"fg-item fg-type-image fg-idle\"><figure class=\"fg-item-inner\"><a href=\"https:\/\/www.wurftreff-lippstadt.de\/wp-content\/uploads\/2016\/11\/lippe19.jpg\" data-attachment-id=\"556\" class=\"fg-thumb\"><span class=\"fg-image-wrap\"><img width=\"150\" height=\"150\" class=\"skip-lazy fg-image\" data-src-fg=\"https:\/\/www.wurftreff-lippstadt.de\/wp-content\/uploads\/cache\/2016\/11\/lippe19\/1171476747.jpg\" src=\"data:image\/svg+xml,%3Csvg%20xmlns%3D%22http%3A%2F%2Fwww.w3.org%2F2000%2Fsvg%22%20width%3D%22150%22%20height%3D%22150%22%20viewBox%3D%220%200%20150%20150%22%3E%3C%2Fsvg%3E\" loading=\"eager\"><\/span><span class=\"fg-image-overlay\"><\/span><\/a><figcaption class=\"fg-caption\"><div class=\"fg-caption-inner\"><\/div><\/figcaption><\/figure><div class=\"fg-loader\"><\/div><\/div><div class=\"fg-item fg-type-image fg-idle\"><figure class=\"fg-item-inner\"><a href=\"https:\/\/www.wurftreff-lippstadt.de\/wp-content\/uploads\/2016\/11\/lippe18.jpg\" data-attachment-id=\"555\" class=\"fg-thumb\"><span class=\"fg-image-wrap\"><img width=\"150\" height=\"150\" class=\"skip-lazy fg-image\" data-src-fg=\"https:\/\/www.wurftreff-lippstadt.de\/wp-content\/uploads\/cache\/2016\/11\/lippe18\/3963645540.jpg\" src=\"data:image\/svg+xml,%3Csvg%20xmlns%3D%22http%3A%2F%2Fwww.w3.org%2F2000%2Fsvg%22%20width%3D%22150%22%20height%3D%22150%22%20viewBox%3D%220%200%20150%20150%22%3E%3C%2Fsvg%3E\" loading=\"eager\"><\/span><span class=\"fg-image-overlay\"><\/span><\/a><figcaption class=\"fg-caption\"><div class=\"fg-caption-inner\"><\/div><\/figcaption><\/figure><div class=\"fg-loader\"><\/div><\/div><div class=\"fg-item fg-type-image fg-idle\"><figure class=\"fg-item-inner\"><a href=\"https:\/\/www.wurftreff-lippstadt.de\/wp-content\/uploads\/2016\/11\/lippe16.jpg\" data-attachment-id=\"553\" class=\"fg-thumb\"><span class=\"fg-image-wrap\"><img width=\"150\" height=\"150\" class=\"skip-lazy fg-image\" data-src-fg=\"https:\/\/www.wurftreff-lippstadt.de\/wp-content\/uploads\/cache\/2016\/11\/lippe16\/867697588.jpg\" src=\"data:image\/svg+xml,%3Csvg%20xmlns%3D%22http%3A%2F%2Fwww.w3.org%2F2000%2Fsvg%22%20width%3D%22150%22%20height%3D%22150%22%20viewBox%3D%220%200%20150%20150%22%3E%3C%2Fsvg%3E\" loading=\"eager\"><\/span><span class=\"fg-image-overlay\"><\/span><\/a><figcaption class=\"fg-caption\"><div class=\"fg-caption-inner\"><\/div><\/figcaption><\/figure><div class=\"fg-loader\"><\/div><\/div><div class=\"fg-item fg-type-image fg-idle\"><figure class=\"fg-item-inner\"><a href=\"https:\/\/www.wurftreff-lippstadt.de\/wp-content\/uploads\/2016\/11\/lippe15.jpg\" data-attachment-id=\"552\" class=\"fg-thumb\"><span class=\"fg-image-wrap\"><img width=\"150\" height=\"150\" class=\"skip-lazy fg-image\" data-src-fg=\"https:\/\/www.wurftreff-lippstadt.de\/wp-content\/uploads\/cache\/2016\/11\/lippe15\/686877895.jpg\" src=\"data:image\/svg+xml,%3Csvg%20xmlns%3D%22http%3A%2F%2Fwww.w3.org%2F2000%2Fsvg%22%20width%3D%22150%22%20height%3D%22150%22%20viewBox%3D%220%200%20150%20150%22%3E%3C%2Fsvg%3E\" loading=\"eager\"><\/span><span class=\"fg-image-overlay\"><\/span><\/a><figcaption class=\"fg-caption\"><div class=\"fg-caption-inner\"><\/div><\/figcaption><\/figure><div class=\"fg-loader\"><\/div><\/div><div class=\"fg-item fg-type-image fg-idle\"><figure class=\"fg-item-inner\"><a href=\"https:\/\/www.wurftreff-lippstadt.de\/wp-content\/uploads\/2016\/11\/lippe13.jpg\" data-attachment-id=\"550\" class=\"fg-thumb\"><span class=\"fg-image-wrap\"><img width=\"150\" height=\"150\" class=\"skip-lazy fg-image\" data-src-fg=\"https:\/\/www.wurftreff-lippstadt.de\/wp-content\/uploads\/cache\/2016\/11\/lippe13\/509686305.jpg\" src=\"data:image\/svg+xml,%3Csvg%20xmlns%3D%22http%3A%2F%2Fwww.w3.org%2F2000%2Fsvg%22%20width%3D%22150%22%20height%3D%22150%22%20viewBox%3D%220%200%20150%20150%22%3E%3C%2Fsvg%3E\" loading=\"eager\"><\/span><span class=\"fg-image-overlay\"><\/span><\/a><figcaption class=\"fg-caption\"><div class=\"fg-caption-inner\"><\/div><\/figcaption><\/figure><div class=\"fg-loader\"><\/div><\/div><div class=\"fg-item fg-type-image fg-idle\"><figure class=\"fg-item-inner\"><a href=\"https:\/\/www.wurftreff-lippstadt.de\/wp-content\/uploads\/2016\/11\/lippe11.jpg\" data-attachment-id=\"548\" class=\"fg-thumb\"><span class=\"fg-image-wrap\"><img width=\"150\" height=\"150\" class=\"skip-lazy fg-image\" data-src-fg=\"https:\/\/www.wurftreff-lippstadt.de\/wp-content\/uploads\/cache\/2016\/11\/lippe11\/3653710070.jpg\" src=\"data:image\/svg+xml,%3Csvg%20xmlns%3D%22http%3A%2F%2Fwww.w3.org%2F2000%2Fsvg%22%20width%3D%22150%22%20height%3D%22150%22%20viewBox%3D%220%200%20150%20150%22%3E%3C%2Fsvg%3E\" loading=\"eager\"><\/span><span class=\"fg-image-overlay\"><\/span><\/a><figcaption class=\"fg-caption\"><div class=\"fg-caption-inner\"><\/div><\/figcaption><\/figure><div class=\"fg-loader\"><\/div><\/div><\/div>\r\n\r\n\r\n<head>\r\n    <link rel=\"stylesheet\" href=\"css\/bootstrap.min.css\">\r\n    <script src=\"https:\/\/ajax.googleapis.com\/ajax\/libs\/jquery\/3.0.0\/jquery.min.js\" integrity=\"sha384-THPy051\/pYDQGanwU6poAc\/hOdQxjnOEXzbT+OuUAFqNqFjL+4IGLBgCJC3ZOShY\" crossorigin=\"anonymous\"><\/script>\r\n    <link rel=\"stylesheet\" href=\"css\/bootstrap-theme.min.css\">\r\n    <!-- Das neueste kompilierte und minimierte JavaScript -->\r\n    <script src=\"js\/bootstrap.min.js\"><\/script>\r\n    <link href=\"css\/custom.css\" rel=\"stylesheet\">\r\n\r\n<\/head>\r\n\r\n<body>\r\n\r\n\r\n <!-- VIDEO 001 Inhalt-->\r\n\r\n    <div class=\"modal fade\" id=\"wurftreff\" tabindex=\"-1\" role=\"dialog\" aria-labelledby=\"myModalLabel\" aria-hidden=\"true\">\r\n        <div class=\"container\">\r\n            <div class=\"row\">\r\n                <div class=\"col-lg-10 col-lg-offset-1\" role=\"document\">\r\n                    <div class=\"modal-content\">\r\n                        <div class=\"modal-body\">\r\n                            <video controls=\"controls\" preload=auto\">\r\n                                <source src=\"https:\/\/www.wurftreff-lippstadt.de\/wp-content\/uploads\/2016\/11\/wurftreff.mp4\" \/> type=&#8220;video\/mp4&#8243;>\r\n                            <\/video>\r\n                        <\/div>\r\n                    <\/div>\r\n                <\/div>\r\n            <\/div>\r\n        <\/div>\r\n    <\/div>\r\n\r\n    <!-- VIDEO 001 -->\r\n\r\n    <div class=\"row\">\r\n        <div class=\"col-xs-12 col-sm-6 col-lg-4\">\r\n            <div class=\"subitem\">\r\n                    <div align=\"center\" class=\"embed-responsive embed-responsive-4by3\">\r\n                    <video preload=\"auto\">\r\n                        <source srchttps:\/\/www.wurftreff-lippstadt.de\/wp-content\/uploads\/2016\/11\/wurftreff.mp4\" \/> type=&#8220;video\/mp4&#8243;>\r\n                    <\/video>\r\n                <\/div>\r\n              <\/div>\r\n        <\/div>\r\n<\/div>\r\n<\/body>\r\n\r\n\r\n","protected":false},"excerpt":{"rendered":"<p>Hier m\u00f6chte ich euch einige Eindr\u00fccke vom Wurftreff und besonders dem Fliegenfischen geben. Schaut euch hier meinen Film an und lasst euch von der Faszination Fliegenfischen \u00fcberzeugen. Fliegenfischen an der Lippe Fliegenfischen an der Lippe<\/p>\n","protected":false},"author":2,"featured_media":0,"parent":0,"menu_order":0,"comment_status":"closed","ping_status":"closed","template":"","meta":{"spay_email":""},"jetpack_sharing_enabled":true,"jetpack_shortlink":"https:\/\/wp.me\/P8WdAV-5K","jetpack-related-posts":[{"id":450,"url":"https:\/\/www.wurftreff-lippstadt.de\/?page_id=450","url_meta":{"origin":356,"position":0},"title":"Links","date":"27. Oktober 2016","format":false,"excerpt":"Man wird ja nicht als Fliegenfischer geboren. Hier haben ich ein paar Tipps f\u00fcr euch.","rel":"","context":"\u00c4hnlicher Beitrag","img":{"alt_text":"","src":"","width":0,"height":0},"classes":[]},{"id":343,"url":"https:\/\/www.wurftreff-lippstadt.de\/?page_id=343","url_meta":{"origin":356,"position":1},"title":"Impressum","date":"24. Oktober 2016","format":false,"excerpt":"Angaben gem\u00e4\u00df \u00a7 5 TMG: Wurftreff Lippstadt Dammstra\u00dfe 75 33397 Rietberg Vertreten durch: Uwe Utzel Kontakt: Telefon:0173 \/ 8248364 Copyright: Alle Rechte vorbehalten. Ohne Zustimmung des \"Wurftreff Lippstadt\", ist es verboten, textliche und fotografische Inhalte dieser Internetseite ganz oder teilweise zu nutzen, vervielf\u00e4ltigen, verbreiten oder verwerten! Die Inhalte d\u00fcrfen nicht\u2026","rel":"","context":"\u00c4hnlicher Beitrag","img":{"alt_text":"","src":"","width":0,"height":0},"classes":[]},{"id":253,"url":"https:\/\/www.wurftreff-lippstadt.de\/?page_id=253","url_meta":{"origin":356,"position":2},"title":"Wie alles anfing","date":"23. Oktober 2016","format":false,"excerpt":"Kurzer Lebenslauf eines Fliegenfischers ( Uwe Utzel ) Ich wurde 1966 in der sch\u00f6nen, von Wasser umgebenen Stadt, Lippstadt geboren. Mein Interesse galt seit fr\u00fchester Jugend immer Fl\u00fcssen und B\u00e4chen sowie deren Lebewesen. Angeln war damit, sobald Zeit und Geld es zulie\u00dfen, meine bevorzugte Sportart. Ich probierte alle Angelarten aus,\u2026","rel":"","context":"\u00c4hnlicher Beitrag","img":{"alt_text":"","src":"https:\/\/i1.wp.com\/www.wurftreff-lippstadt.de\/wp-content\/uploads\/2016\/11\/uweutzel-300x200.jpg?resize=350%2C200&ssl=1","width":350,"height":200},"classes":[]},{"id":584,"url":"https:\/\/www.wurftreff-lippstadt.de\/?page_id=584","url_meta":{"origin":356,"position":3},"title":"Kurse","date":"9. Dezember 2016","format":false,"excerpt":"Der Wurftreff findet 14-t\u00e4gig statt. Die Anmeldung erfolgt in einem pers\u00f6nlichen Gespr\u00e4ch per Telefon. Anf\u00e4ngerkurs Kennenlernen des Equipments Entomologie f\u00fcr Fliegenfischer Basisw\u00fcrfe, um am oder im Wasser die Angelsituation zu meistern. Knotenkunde Fortgeschrittenenkurs Wurfstiel perfektionieren Kursinhalte werden je nach vorhandenen Vorkenntnissen angepasst Vorbereitung f\u00fcr Pr\u00fcfungen auch hier werden die Kurse\u2026","rel":"","context":"\u00c4hnlicher Beitrag","img":{"alt_text":"","src":"","width":0,"height":0},"classes":[]},{"id":113,"url":"https:\/\/www.wurftreff-lippstadt.de\/?page_id=113","url_meta":{"origin":356,"position":4},"title":"AGBs","date":"23. Oktober 2016","format":false,"excerpt":"Die Teilnahme an dem von mir angebotenen Wurftreff, den Kursen, Workshops, Guidings und Meetings erfolgt auf eigene Gefahr, eine Haftung unsererseits f\u00fcr Sach- und Personensch\u00e4den jeglicher Art ist ausgeschlossen. Bei Teilnahme am Wurftreff, einem Kurs, Workshop oder Guiding ist die Geb\u00fchr sofort bar f\u00e4llig. Besonderheiten zu abweichenden Regelungen bei speziell\u2026","rel":"","context":"\u00c4hnlicher Beitrag","img":{"alt_text":"","src":"","width":0,"height":0},"classes":[]},{"id":289,"url":"https:\/\/www.wurftreff-lippstadt.de\/?page_id=289","url_meta":{"origin":356,"position":5},"title":"Unsere Treffpunkte","date":"23. Oktober 2016","format":false,"excerpt":"Hier findet Ihr unsere verschiedenen Treffpunkte und \u00dcbungspl\u00e4tze Sch\u00fctzenplatz Lipperbruch S\u00fcdliche Sch\u00fctzenhalle Lippstadt Toskanateich Lippstadt Sch\u00fctzenplatz Overhagen","rel":"","context":"\u00c4hnlicher Beitrag","img":{"alt_text":"","src":"","width":0,"height":0},"classes":[]}],"_links":{"self":[{"href":"https:\/\/www.wurftreff-lippstadt.de\/index.php?rest_route=\/wp\/v2\/pages\/356"}],"collection":[{"href":"https:\/\/www.wurftreff-lippstadt.de\/index.php?rest_route=\/wp\/v2\/pages"}],"about":[{"href":"https:\/\/www.wurftreff-lippstadt.de\/index.php?rest_route=\/wp\/v2\/types\/page"}],"author":[{"embeddable":true,"href":"https:\/\/www.wurftreff-lippstadt.de\/index.php?rest_route=\/wp\/v2\/users\/2"}],"replies":[{"embeddable":true,"href":"https:\/\/www.wurftreff-lippstadt.de\/index.php?rest_route=%2Fwp%2Fv2%2Fcomments&post=356"}],"version-history":[{"count":70,"href":"https:\/\/www.wurftreff-lippstadt.de\/index.php?rest_route=\/wp\/v2\/pages\/356\/revisions"}],"predecessor-version":[{"id":645,"href":"https:\/\/www.wurftreff-lippstadt.de\/index.php?rest_route=\/wp\/v2\/pages\/356\/revisions\/645"}],"wp:attachment":[{"href":"https:\/\/www.wurftreff-lippstadt.de\/index.php?rest_route=%2Fwp%2Fv2%2Fmedia&parent=356"}],"curies":[{"name":"wp","href":"https:\/\/api.w.org\/{rel}","templated":true}]}}