{"id":584,"date":"2016-12-09T08:58:59","date_gmt":"2016-12-09T08:58:59","guid":{"rendered":"https:\/\/www.wurftreff-lippstadt.de\/?page_id=584"},"modified":"2017-06-29T12:20:01","modified_gmt":"2017-06-29T12:20:01","slug":"kurse","status":"publish","type":"page","link":"https:\/\/www.wurftreff-lippstadt.de\/?page_id=584","title":{"rendered":"Kurse"},"content":{"rendered":"<p style=\"text-align: justify;\">Der Wurftreff findet 14-t\u00e4gig statt. Die Anmeldung erfolgt in einem pers\u00f6nlichen Gespr\u00e4ch per Telefon.<\/p>\r\n\r\n<h2 style=\"text-align: center\">Anf\u00e4ngerkurs<\/h2>\r\n<ul>\r\n \t<li>Kennenlernen des Equipments<\/li>\r\n \t<li>Entomologie f\u00fcr Fliegenfischer<\/li>\r\n \t<li>Basisw\u00fcrfe, um am oder im Wasser die Angelsituation zu meistern.<\/li>\r\n \t<li>Knotenkunde<\/li>\r\n<\/ul>\r\n<h2 style=\"text-align: center\">Fortgeschrittenenkurs<\/h2>\r\n<ul>\r\n \t<li>Wurfstiel perfektionieren<\/li>\r\n \t<li>Kursinhalte werden je nach vorhandenen Vorkenntnissen angepasst<\/li>\r\n<\/ul>\r\n<h2 style=\"text-align: center\">Vorbereitung f\u00fcr Pr\u00fcfungen<\/h2>\r\n<ul>\r\n \t<li>auch hier werden die Kurse individuell auf den\/die Kursteilnehmer zugeschnitten.<\/li>\r\n<\/ul>\r\n\r\n<blockquote>\r\nEinzelkurse \/ Intensivkurse k\u00f6nnen nach Terminvereinbarung jederzeit gebucht werden.\r\n<\/blockquote>","protected":false},"excerpt":{"rendered":"<p>Der Wurftreff findet 14-t\u00e4gig statt. Die Anmeldung erfolgt in einem pers\u00f6nlichen Gespr\u00e4ch per Telefon. Anf\u00e4ngerkurs Kennenlernen des Equipments Entomologie f\u00fcr Fliegenfischer Basisw\u00fcrfe, um am oder im Wasser die Angelsituation zu meistern. Knotenkunde Fortgeschrittenenkurs Wurfstiel perfektionieren Kursinhalte werden je nach vorhandenen Vorkenntnissen angepasst Vorbereitung f\u00fcr Pr\u00fcfungen auch hier werden die Kurse individuell auf den\/die Kursteilnehmer zugeschnitten. [&hellip;]<\/p>\n","protected":false},"author":2,"featured_media":0,"parent":0,"menu_order":0,"comment_status":"closed","ping_status":"closed","template":"","meta":{"spay_email":""},"jetpack_sharing_enabled":true,"jetpack_shortlink":"https:\/\/wp.me\/P8WdAV-9q","jetpack-related-posts":[{"id":2,"url":"https:\/\/www.wurftreff-lippstadt.de\/","url_meta":{"origin":584,"position":0},"title":"Fliegenwurfkurse in Lippstadt","date":"10. Mai 2016","format":false,"excerpt":"Herzlich Willkommen beim \"Wurftreff Lippstadt\". die Flycasting-Guides Regelm\u00e4\u00dfige Kurse werden Ihnen einen Einblick in die Fliegenfischerei geben ...f\u00fcr Anf\u00e4nger und Fortgeschrittene, die das Fliegenfischen in entspannter Atmosph\u00e4re erlernen oder verbessern m\u00f6chten.","rel":"","context":"\u00c4hnlicher Beitrag","img":{"alt_text":"","src":"","width":0,"height":0},"classes":[]},{"id":343,"url":"https:\/\/www.wurftreff-lippstadt.de\/?page_id=343","url_meta":{"origin":584,"position":1},"title":"Impressum","date":"24. Oktober 2016","format":false,"excerpt":"Angaben gem\u00e4\u00df \u00a7 5 TMG: Wurftreff Lippstadt Dammstra\u00dfe 75 33397 Rietberg Vertreten durch: Uwe Utzel Kontakt: Telefon:0173 \/ 8248364 Copyright: Alle Rechte vorbehalten. Ohne Zustimmung des \"Wurftreff Lippstadt\", ist es verboten, textliche und fotografische Inhalte dieser Internetseite ganz oder teilweise zu nutzen, vervielf\u00e4ltigen, verbreiten oder verwerten! Die Inhalte d\u00fcrfen nicht\u2026","rel":"","context":"\u00c4hnlicher Beitrag","img":{"alt_text":"","src":"","width":0,"height":0},"classes":[]},{"id":113,"url":"https:\/\/www.wurftreff-lippstadt.de\/?page_id=113","url_meta":{"origin":584,"position":2},"title":"AGBs","date":"23. Oktober 2016","format":false,"excerpt":"Die Teilnahme an dem von mir angebotenen Wurftreff, den Kursen, Workshops, Guidings und Meetings erfolgt auf eigene Gefahr, eine Haftung unsererseits f\u00fcr Sach- und Personensch\u00e4den jeglicher Art ist ausgeschlossen. Bei Teilnahme am Wurftreff, einem Kurs, Workshop oder Guiding ist die Geb\u00fchr sofort bar f\u00e4llig. Besonderheiten zu abweichenden Regelungen bei speziell\u2026","rel":"","context":"\u00c4hnlicher Beitrag","img":{"alt_text":"","src":"","width":0,"height":0},"classes":[]},{"id":253,"url":"https:\/\/www.wurftreff-lippstadt.de\/?page_id=253","url_meta":{"origin":584,"position":3},"title":"Wie alles anfing","date":"23. Oktober 2016","format":false,"excerpt":"Kurzer Lebenslauf eines Fliegenfischers ( Uwe Utzel ) Ich wurde 1966 in der sch\u00f6nen, von Wasser umgebenen Stadt, Lippstadt geboren. Mein Interesse galt seit fr\u00fchester Jugend immer Fl\u00fcssen und B\u00e4chen sowie deren Lebewesen. Angeln war damit, sobald Zeit und Geld es zulie\u00dfen, meine bevorzugte Sportart. Ich probierte alle Angelarten aus,\u2026","rel":"","context":"\u00c4hnlicher Beitrag","img":{"alt_text":"","src":"https:\/\/i1.wp.com\/www.wurftreff-lippstadt.de\/wp-content\/uploads\/2016\/11\/uweutzel-300x200.jpg?resize=350%2C200&ssl=1","width":350,"height":200},"classes":[]},{"id":450,"url":"https:\/\/www.wurftreff-lippstadt.de\/?page_id=450","url_meta":{"origin":584,"position":4},"title":"Links","date":"27. Oktober 2016","format":false,"excerpt":"Man wird ja nicht als Fliegenfischer geboren. Hier haben ich ein paar Tipps f\u00fcr euch.","rel":"","context":"\u00c4hnlicher Beitrag","img":{"alt_text":"","src":"","width":0,"height":0},"classes":[]}],"_links":{"self":[{"href":"https:\/\/www.wurftreff-lippstadt.de\/index.php?rest_route=\/wp\/v2\/pages\/584"}],"collection":[{"href":"https:\/\/www.wurftreff-lippstadt.de\/index.php?rest_route=\/wp\/v2\/pages"}],"about":[{"href":"https:\/\/www.wurftreff-lippstadt.de\/index.php?rest_route=\/wp\/v2\/types\/page"}],"author":[{"embeddable":true,"href":"https:\/\/www.wurftreff-lippstadt.de\/index.php?rest_route=\/wp\/v2\/users\/2"}],"replies":[{"embeddable":true,"href":"https:\/\/www.wurftreff-lippstadt.de\/index.php?rest_route=%2Fwp%2Fv2%2Fcomments&post=584"}],"version-history":[{"count":7,"href":"https:\/\/www.wurftreff-lippstadt.de\/index.php?rest_route=\/wp\/v2\/pages\/584\/revisions"}],"predecessor-version":[{"id":592,"href":"https:\/\/www.wurftreff-lippstadt.de\/index.php?rest_route=\/wp\/v2\/pages\/584\/revisions\/592"}],"wp:attachment":[{"href":"https:\/\/www.wurftreff-lippstadt.de\/index.php?rest_route=%2Fwp%2Fv2%2Fmedia&parent=584"}],"curies":[{"name":"wp","href":"https:\/\/api.w.org\/{rel}","templated":true}]}}